{"id":3,"date":"2022-03-04T13:17:36","date_gmt":"2022-03-04T13:17:36","guid":{"rendered":"http:\/\/cuffi.si\/?page_id=3"},"modified":"2023-02-18T14:29:51","modified_gmt":"2023-02-18T14:29:51","slug":"politika-zasebnosti","status":"publish","type":"page","link":"https:\/\/cuffi.si\/index.php\/politika-zasebnosti\/","title":{"rendered":"Politika zasebnosti"},"content":{"rendered":"\t\t<div data-elementor-type=\"wp-page\" data-elementor-id=\"3\" class=\"elementor elementor-3\">\n\t\t\t\t\t\t<section class=\"elementor-section elementor-top-section elementor-element elementor-element-40ef453c elementor-section-boxed elementor-section-height-default elementor-section-height-default\" data-id=\"40ef453c\" data-element_type=\"section\">\n\t\t\t\t\t\t<div class=\"elementor-container elementor-column-gap-default\">\n\t\t\t\t\t<div class=\"elementor-column elementor-col-100 elementor-top-column elementor-element elementor-element-4c3e9975\" data-id=\"4c3e9975\" data-element_type=\"column\">\n\t\t\t<div class=\"elementor-widget-wrap elementor-element-populated\">\n\t\t\t\t\t\t<div class=\"elementor-element elementor-element-32cfb775 elementor-widget elementor-widget-text-editor\" data-id=\"32cfb775\" data-element_type=\"widget\" data-widget_type=\"text-editor.default\">\n\t\t\t\t<div class=\"elementor-widget-container\">\n\t\t\t\t\t\t\t\t\t\n<h2 class=\"wp-block-heading\">Pi\u0161kotki<\/h2>\n\n<h5><strong class=\"privacy-policy-tutorial\">Pravilnik o pi\u0161kotkih <\/strong><\/h5>\n<p>Zakon o elektronskih komunikacijah (Uradni list \u0161t. 109\/2012), ZEKom-1 je v pravni red prinesel pravila glede uporabe pi\u0161kotkov in podobnih tehnologij za shranjevanje informacij ali dostop do informacij, shranjenih na ra\u010dunalnikih, tablicah ali mobilnih napravah uporabnikov.<\/p>\n<h4>Kaj so pi\u0161kotki?<\/h4>\n<p>Pi\u0161kotki so kratke besedilne datoteke, ki jih spletno mesto po\u0161lje brskalniku (\u010de jih spletno mesto le uporablja). Glavni cilj pi\u0161kotkov je, da spletni stre\u017enik prepozna ra\u010dunalnik. Pi\u0161kotki niso nujni vendar lahko bistveno izbolj\u0161ajo uporabni\u0161ko izku\u0161njo. Na spletnem mestu uporabljamo pi\u0161kotke izklju\u010dno za analizo obiskanosti spletnega mesta. Upo\u0161tevajte, da se z uporabo spletnega mesta strinjate, da lahko uporabljamo pi\u0161kotke.<\/p>\n<h4>Vrste pi\u0161kotkov<\/h4>\n<p>Pi\u0161kotki so, recimo jim vrsta datoteke, ki jih med va\u0161im obiskom spletnega mesta le-ta ustvari in vanje shrani podatke. Tako vam je ob naslednjem obisku zagotovljeno mnogo la\u017eje in hitrej\u0161e brskanje po spletnem mestu. Lo\u010dimo ve\u010d vrst pi\u0161kotkov, in sicer:<\/p>\n<ul>\n<li><strong>Za\u010dasni ali sejni pi\u0161kotki<\/strong> (session cookies) \u00bb\u017eivijo\u00ab od trenutka, ko uporabnik odpre brskalnik, pa do trenutka, ko sejo kon\u010da in zapre brskalnik. Spletna mesta jih uporabljajo za shranjevanje za\u010dasnih informacij, na primer elementov v nakupovalnem vozi\u010dku, za ve\u010djo varnost pri spletnem ban\u010dni\u0161tvu itd. Ker so tak\u0161ni pi\u0161kotki shranjeni za kraj\u0161i \u010das, je njihova invazivnost za zasebnost uporabnika lahko manj\u0161a.<\/li>\n<li><strong>Trajni ali shranjeni pi\u0161kotki<\/strong> (persistent cookies) pa ostanejo shranjeni tudi, ko uporabnik zapre brskalnik in zaklju\u010di sejo. Spletna mesta jih uporabljajo npr. za shranjevanje informacij o registraciji, nastavitvah jezika strani itd., pa tudi za grajenje profilov uporabnikov in analiziranje prometa. Trajni pi\u0161kotki lahko v ra\u010dunalniku ostanejo ve\u010d dni, mesecev ali celo let.<\/li>\n<li><strong>Lastni pi\u0161kotki<\/strong> (1st party cookies) so s spletnega mesta, ki si ga uporabnik ogleduje, in so lahko trajni ali za\u010dasni. Spletna mesta te pi\u0161kotke uporabljajo za shranjevanje informacij, ki jih bodo znova uporabila, ko uporabnik naslednji\u010d obi\u0161\u010de to mesto.<\/li>\n<li><strong>Drugi pi\u0161kotki<\/strong> (3rd party cookies) izvirajo od drugih, partnerskih spletnih mest (ki na primer prikazujejo oglase na izvirni spletni strani ali merijo promet). Tretje strani lahko na ta na\u010din zbirajo podatke o uporabnikih iz razli\u010dnih spletnih mest in jih uporabljajo za razli\u010dne namene: od ogla\u0161evanja, analitike, pa do izbolj\u0161ave svojih produktov. Tak\u0161ni pi\u0161kotki predstavljajo ve\u010dji poseg v zasebnost uporabnika.<\/li>\n<\/ul>\n\n<h2 class=\"wp-block-heading\">Politika zasebnosti<\/h2>\n\n<h5>Nujno potrebni pi\u0161kotki:<\/h5>\n<p>Omogo\u010dajo normalno delovanje Spletnega portala cuffi.si in nemoteno uporabni\u0161ko izku\u0161njo.<\/p>\n<p>Seznam nujno potrebnih pi\u0161kotkov:<\/p>\n<p>&#8211; Spletni portal cuffi.si trenutno ne uporablja nujno potrebnih pi\u0161kotkov.<\/p>\n\n<h2 class=\"wp-block-heading\">Analiti\u010dni pi\u0161kotki<\/h2>\n\n<p>Omogo\u010dajo merjenje obiskanosti (obiskanost in statistike posameznih strani, analize gibanja\u2026) ter zagotavljajo ustrezen nivo varnosti. Statistike obiskanosti posameznih spletnih strani slu\u017eijo kot povratna informacija pri pripravi vsebin in ogla\u0161evalskih akcij ter nudijo mo\u017enost izbolj\u0161ave uporabni\u0161ke izku\u0161nje.<\/p>\n<p>Spletni portal cuffi.si ne uporablja pi\u0161kotov oz. analiti\u010dnih storitev za sledenje in analizo podatkov kot npr. statistika obiska.<\/p>\n<h5>Onemogo\u010danje pi\u0161kotkov<\/h5>\n<p>Uporabniki se lahko samostojno odlo\u010dite, ali \u017eelite omogo\u010diti uporabo pi\u0161kotkov. Nastavitve za pi\u0161kotke lahko nadzirate in spreminjate v svojem spletnem brskalniku. Informacije o nastavitvah za pi\u0161kotke (za razli\u010dne spletne brskalnike) so na voljo na spodnjih povezavah:<\/p>\n<p><a href=\"https:\/\/support.google.com\/chrome\/answer\/95647?hl=sl&amp;co=GENIE.Platform%3DDesktop\">Chrome<\/a><br \/><a href=\"https:\/\/support.mozilla.org\/sl\/kb\/izbrisite-piskotke-podatke-strani\">Firefox<\/a><br \/><a href=\"https:\/\/support.microsoft.com\/sl-si\/windows\/brisanje-in-upravljanje-pi%C5%A1kotkov-168dab11-0753-043d-7c16-ede5947fc64d\">Internet Explorer<\/a><br \/><a href=\"https:\/\/www.opera.com\/use-cases\/clean-browser-and-remove-trackers\">Opera (stran v angle\u0161kem jeziku)<\/a><br \/><a href=\"https:\/\/support.apple.com\/sl-si\/guide\/safari\/sfri11471\/mac\">Safari (stran v angle\u0161kem jeziku)<\/a><\/p>\n<p>\u010ce pi\u0161kotke izklju\u010dite, bodo nekatere mo\u017enosti spletne strani onemogo\u010dene.<\/p>\n\t\t\t\t\t\t\t\t<\/div>\n\t\t\t\t<\/div>\n\t\t\t\t\t<\/div>\n\t\t<\/div>\n\t\t\t\t\t<\/div>\n\t\t<\/section>\n\t\t\t\t<\/div>\n\t\t","protected":false},"excerpt":{"rendered":"<p>Pi\u0161kotki Pravilnik o pi\u0161kotkih Zakon o elektronskih komunikacijah (Uradni list \u0161t. 109\/2012), ZEKom-1 je v pravni red prinesel pravila glede uporabe pi\u0161kotkov in podobnih tehnologij za shranjevanje informacij ali dostop do informacij, shranjenih na ra\u010dunalnikih, tablicah ali mobilnih napravah uporabnikov. Kaj&#8230;<\/p>\n","protected":false},"author":1,"featured_media":19197,"parent":0,"menu_order":0,"comment_status":"closed","ping_status":"open","template":"","meta":{"footnotes":""},"class_list":["post-3","page","type-page","status-publish","has-post-thumbnail","hentry"],"yoast_head":"<!-- This site is optimized with the Yoast SEO plugin v23.6 - https:\/\/yoast.com\/wordpress\/plugins\/seo\/ -->\n<title>Politika zasebnosti - Cuffi pri Bukovni&scaron;kem jezeru<\/title>\n<meta name=\"robots\" content=\"index, follow, max-snippet:-1, max-image-preview:large, max-video-preview:-1\" \/>\n<link rel=\"canonical\" href=\"https:\/\/cuffi.si\/index.php\/politika-zasebnosti\/\" \/>\n<meta property=\"og:locale\" content=\"sl_SI\" \/>\n<meta property=\"og:type\" content=\"article\" \/>\n<meta property=\"og:title\" content=\"Politika zasebnosti - Cuffi pri Bukovni&scaron;kem jezeru\" \/>\n<meta property=\"og:description\" content=\"Pi\u0161kotki Pravilnik o pi\u0161kotkih Zakon o elektronskih komunikacijah (Uradni list \u0161t. 109\/2012), ZEKom-1 je v pravni red prinesel pravila glede uporabe pi\u0161kotkov in podobnih tehnologij za shranjevanje informacij ali dostop do informacij, shranjenih na ra\u010dunalnikih, tablicah ali mobilnih napravah uporabnikov. Kaj...\" \/>\n<meta property=\"og:url\" content=\"https:\/\/cuffi.si\/index.php\/politika-zasebnosti\/\" \/>\n<meta property=\"og:site_name\" content=\"Cuffi pri Bukovni&scaron;kem jezeru\" \/>\n<meta property=\"article:modified_time\" content=\"2023-02-18T14:29:51+00:00\" \/>\n<meta property=\"og:image\" content=\"https:\/\/cuffi.si\/wp-content\/uploads\/2022\/03\/sladoled2.png\" \/>\n\t<meta property=\"og:image:width\" content=\"2048\" \/>\n\t<meta property=\"og:image:height\" content=\"1536\" \/>\n\t<meta property=\"og:image:type\" content=\"image\/png\" \/>\n<meta name=\"twitter:card\" content=\"summary_large_image\" \/>\n<meta name=\"twitter:label1\" content=\"Est. reading time\" \/>\n\t<meta name=\"twitter:data1\" content=\"2 minuti\" \/>\n<script type=\"application\/ld+json\" class=\"yoast-schema-graph\">{\"@context\":\"https:\/\/schema.org\",\"@graph\":[{\"@type\":\"WebPage\",\"@id\":\"https:\/\/cuffi.si\/index.php\/politika-zasebnosti\/\",\"url\":\"https:\/\/cuffi.si\/index.php\/politika-zasebnosti\/\",\"name\":\"Politika zasebnosti - Cuffi pri Bukovni&scaron;kem jezeru\",\"isPartOf\":{\"@id\":\"https:\/\/cuffi.si\/#website\"},\"primaryImageOfPage\":{\"@id\":\"https:\/\/cuffi.si\/index.php\/politika-zasebnosti\/#primaryimage\"},\"image\":{\"@id\":\"https:\/\/cuffi.si\/index.php\/politika-zasebnosti\/#primaryimage\"},\"thumbnailUrl\":\"https:\/\/cuffi.si\/wp-content\/uploads\/2022\/03\/sladoled2.png\",\"datePublished\":\"2022-03-04T13:17:36+00:00\",\"dateModified\":\"2023-02-18T14:29:51+00:00\",\"breadcrumb\":{\"@id\":\"https:\/\/cuffi.si\/index.php\/politika-zasebnosti\/#breadcrumb\"},\"inLanguage\":\"sl-SI\",\"potentialAction\":[{\"@type\":\"ReadAction\",\"target\":[\"https:\/\/cuffi.si\/index.php\/politika-zasebnosti\/\"]}]},{\"@type\":\"ImageObject\",\"inLanguage\":\"sl-SI\",\"@id\":\"https:\/\/cuffi.si\/index.php\/politika-zasebnosti\/#primaryimage\",\"url\":\"https:\/\/cuffi.si\/wp-content\/uploads\/2022\/03\/sladoled2.png\",\"contentUrl\":\"https:\/\/cuffi.si\/wp-content\/uploads\/2022\/03\/sladoled2.png\",\"width\":2048,\"height\":1536},{\"@type\":\"BreadcrumbList\",\"@id\":\"https:\/\/cuffi.si\/index.php\/politika-zasebnosti\/#breadcrumb\",\"itemListElement\":[{\"@type\":\"ListItem\",\"position\":1,\"name\":\"Home\",\"item\":\"https:\/\/cuffi.si\/\"},{\"@type\":\"ListItem\",\"position\":2,\"name\":\"Politika zasebnosti\"}]},{\"@type\":\"WebSite\",\"@id\":\"https:\/\/cuffi.si\/#website\",\"url\":\"https:\/\/cuffi.si\/\",\"name\":\"Cuffi pri Bukovni&scaron;kem jezeru\",\"description\":\"Okrep\u010devalnica Cuffi pri Bukovni&scaron;kem jezeru\",\"potentialAction\":[{\"@type\":\"SearchAction\",\"target\":{\"@type\":\"EntryPoint\",\"urlTemplate\":\"https:\/\/cuffi.si\/?s={search_term_string}\"},\"query-input\":{\"@type\":\"PropertyValueSpecification\",\"valueRequired\":true,\"valueName\":\"search_term_string\"}}],\"inLanguage\":\"sl-SI\"}]}<\/script>\n<!-- \/ Yoast SEO plugin. -->","yoast_head_json":{"title":"Politika zasebnosti - Cuffi pri Bukovni&scaron;kem jezeru","robots":{"index":"index","follow":"follow","max-snippet":"max-snippet:-1","max-image-preview":"max-image-preview:large","max-video-preview":"max-video-preview:-1"},"canonical":"https:\/\/cuffi.si\/index.php\/politika-zasebnosti\/","og_locale":"sl_SI","og_type":"article","og_title":"Politika zasebnosti - Cuffi pri Bukovni&scaron;kem jezeru","og_description":"Pi\u0161kotki Pravilnik o pi\u0161kotkih Zakon o elektronskih komunikacijah (Uradni list \u0161t. 109\/2012), ZEKom-1 je v pravni red prinesel pravila glede uporabe pi\u0161kotkov in podobnih tehnologij za shranjevanje informacij ali dostop do informacij, shranjenih na ra\u010dunalnikih, tablicah ali mobilnih napravah uporabnikov. Kaj...","og_url":"https:\/\/cuffi.si\/index.php\/politika-zasebnosti\/","og_site_name":"Cuffi pri Bukovni&scaron;kem jezeru","article_modified_time":"2023-02-18T14:29:51+00:00","og_image":[{"width":2048,"height":1536,"url":"https:\/\/cuffi.si\/wp-content\/uploads\/2022\/03\/sladoled2.png","type":"image\/png"}],"twitter_card":"summary_large_image","twitter_misc":{"Est. reading time":"2 minuti"},"schema":{"@context":"https:\/\/schema.org","@graph":[{"@type":"WebPage","@id":"https:\/\/cuffi.si\/index.php\/politika-zasebnosti\/","url":"https:\/\/cuffi.si\/index.php\/politika-zasebnosti\/","name":"Politika zasebnosti - Cuffi pri Bukovni&scaron;kem jezeru","isPartOf":{"@id":"https:\/\/cuffi.si\/#website"},"primaryImageOfPage":{"@id":"https:\/\/cuffi.si\/index.php\/politika-zasebnosti\/#primaryimage"},"image":{"@id":"https:\/\/cuffi.si\/index.php\/politika-zasebnosti\/#primaryimage"},"thumbnailUrl":"https:\/\/cuffi.si\/wp-content\/uploads\/2022\/03\/sladoled2.png","datePublished":"2022-03-04T13:17:36+00:00","dateModified":"2023-02-18T14:29:51+00:00","breadcrumb":{"@id":"https:\/\/cuffi.si\/index.php\/politika-zasebnosti\/#breadcrumb"},"inLanguage":"sl-SI","potentialAction":[{"@type":"ReadAction","target":["https:\/\/cuffi.si\/index.php\/politika-zasebnosti\/"]}]},{"@type":"ImageObject","inLanguage":"sl-SI","@id":"https:\/\/cuffi.si\/index.php\/politika-zasebnosti\/#primaryimage","url":"https:\/\/cuffi.si\/wp-content\/uploads\/2022\/03\/sladoled2.png","contentUrl":"https:\/\/cuffi.si\/wp-content\/uploads\/2022\/03\/sladoled2.png","width":2048,"height":1536},{"@type":"BreadcrumbList","@id":"https:\/\/cuffi.si\/index.php\/politika-zasebnosti\/#breadcrumb","itemListElement":[{"@type":"ListItem","position":1,"name":"Home","item":"https:\/\/cuffi.si\/"},{"@type":"ListItem","position":2,"name":"Politika zasebnosti"}]},{"@type":"WebSite","@id":"https:\/\/cuffi.si\/#website","url":"https:\/\/cuffi.si\/","name":"Cuffi pri Bukovni&scaron;kem jezeru","description":"Okrep\u010devalnica Cuffi pri Bukovni&scaron;kem jezeru","potentialAction":[{"@type":"SearchAction","target":{"@type":"EntryPoint","urlTemplate":"https:\/\/cuffi.si\/?s={search_term_string}"},"query-input":{"@type":"PropertyValueSpecification","valueRequired":true,"valueName":"search_term_string"}}],"inLanguage":"sl-SI"}]}},"_links":{"self":[{"href":"https:\/\/cuffi.si\/index.php\/wp-json\/wp\/v2\/pages\/3","targetHints":{"allow":["GET"]}}],"collection":[{"href":"https:\/\/cuffi.si\/index.php\/wp-json\/wp\/v2\/pages"}],"about":[{"href":"https:\/\/cuffi.si\/index.php\/wp-json\/wp\/v2\/types\/page"}],"author":[{"embeddable":true,"href":"https:\/\/cuffi.si\/index.php\/wp-json\/wp\/v2\/users\/1"}],"replies":[{"embeddable":true,"href":"https:\/\/cuffi.si\/index.php\/wp-json\/wp\/v2\/comments?post=3"}],"version-history":[{"count":39,"href":"https:\/\/cuffi.si\/index.php\/wp-json\/wp\/v2\/pages\/3\/revisions"}],"predecessor-version":[{"id":20123,"href":"https:\/\/cuffi.si\/index.php\/wp-json\/wp\/v2\/pages\/3\/revisions\/20123"}],"wp:featuredmedia":[{"embeddable":true,"href":"https:\/\/cuffi.si\/index.php\/wp-json\/wp\/v2\/media\/19197"}],"wp:attachment":[{"href":"https:\/\/cuffi.si\/index.php\/wp-json\/wp\/v2\/media?parent=3"}],"curies":[{"name":"wp","href":"https:\/\/api.w.org\/{rel}","templated":true}]}}